{"id":3,"date":"2025-09-22T10:41:11","date_gmt":"2025-09-22T10:41:11","guid":{"rendered":"https:\/\/hortavalencia.org\/?page_id=3"},"modified":"2026-04-14T16:07:27","modified_gmt":"2026-04-14T16:07:27","slug":"politica-de-privacidad","status":"publish","type":"page","link":"https:\/\/hortavalencia.org\/va\/politica-de-privacidad\/","title":{"rendered":"Pol\u00edtica de Privacidad"},"content":{"rendered":"<h2 class=\"wp-block-heading\">Pol\u00edtica de Privacidad<\/h2>\n\n\n\n<p>Se informa al usuario de que los datos personales que facilite voluntariamente a trav\u00e9s de los distintos formularios del sitio web ser\u00e1n tratados por <strong>Asociaci\u00f3n Cultural L\u2019Horta con CIF <\/strong><strong>G-98373525<\/strong>.<\/p>\n\n\n\n<h3 class=\"wp-block-heading\">Finalidad del tratamiento<\/h3>\n\n\n\n<p>Los datos ser\u00e1n utilizados para gestionar las solicitudes realizadas por el usuario y para las finalidades espec\u00edficas indicadas en cada formulario.<\/p>\n\n\n\n<h3 class=\"wp-block-heading\">Legitimaci\u00f3n<\/h3>\n\n\n\n<p>El tratamiento de los datos se basa en el consentimiento del usuario, otorgado mediante la marcaci\u00f3n de las casillas correspondientes o el env\u00edo voluntario de sus datos.<\/p>\n\n\n\n<h3 class=\"wp-block-heading\">Conservaci\u00f3n de los datos<\/h3>\n\n\n\n<p>Los datos se conservar\u00e1n durante el tiempo necesario para cumplir con la finalidad para la que se recabaron o mientras exista una obligaci\u00f3n legal.<\/p>\n\n\n\n<h3 class=\"wp-block-heading\">Comunicaci\u00f3n de datos<\/h3>\n\n\n\n<p>No se ceder\u00e1n datos a terceros salvo obligaci\u00f3n legal.<\/p>\n\n\n\n<h3 class=\"wp-block-heading\">Derechos del usuario<\/h3>\n\n\n\n<p>El usuario puede ejercer sus derechos de acceso, rectificaci\u00f3n, supresi\u00f3n, oposici\u00f3n, limitaci\u00f3n del tratamiento, portabilidad de datos y a no ser objeto de decisiones automatizadas, enviando una solicitud al correo electr\u00f3nico: <strong>medioslhorta@hotmail.com<\/strong>.<\/p>\n\n\n\n<h3 class=\"wp-block-heading\">Informaci\u00f3n adicional<\/h3>\n\n\n\n<p>La Asociaci\u00f3n no elaborar\u00e1 perfiles ni tomar\u00e1 decisiones automatizadas basadas en los datos facilitados.<br>El usuario se compromete a comunicar cualquier modificaci\u00f3n de sus datos, entendi\u00e9ndose que estos son correctos mientras no se notifique lo contrario.<\/p>\n\n\n\n<h3 class=\"wp-block-heading\">Seguridad de los datos<\/h3>\n\n\n\n<p>Se han adoptado las medidas t\u00e9cnicas y organizativas necesarias para garantizar la seguridad de los datos personales, si bien no se puede garantizar la seguridad absoluta frente a actuaciones de terceros, no asume ninguna responsabilidad por los da\u00f1os y perjuicios derivados de alteraciones que terceros puedan causar en los sistemas inform\u00e1ticos, documentos electr\u00f3nicos o ficheros del usuario<\/p>\n\n\n\n<h3 class=\"wp-block-heading\">Comunicaciones comerciales<\/h3>\n\n\n\n<p>De conformidad con la Ley 34\/2002 (LSSI-CE), se solicitar\u00e1 el consentimiento del usuario para el env\u00edo de comunicaciones por medios electr\u00f3nicos que puedan ser de su inter\u00e9s.<\/p>\n\n\n\n<h3 class=\"wp-block-heading\">Cambios en la pol\u00edtica de privacidad<\/h3>\n\n\n\n<p>La Asociaci\u00f3n se reserva el derecho a modificar la presente pol\u00edtica para adaptarla a novedades legislativas o jurisprudenciales.<\/p>","protected":false},"excerpt":{"rendered":"<p>Pol\u00edtica de Privacidad Se informa al usuario de que los datos personales que facilite voluntariamente a trav\u00e9s de los distintos formularios del sitio web ser\u00e1n tratados por Asociaci\u00f3n Cultural L\u2019Horta con CIF G-98373525. Finalidad del tratamiento Los datos ser\u00e1n utilizados para gestionar las solicitudes realizadas por el usuario y para las finalidades espec\u00edficas indicadas en&#8230;<\/p>","protected":false},"author":1,"featured_media":0,"parent":0,"menu_order":0,"comment_status":"closed","ping_status":"closed","template":"","meta":{"_kadence_starter_templates_imported_post":false,"_kad_post_transparent":"","_kad_post_title":"","_kad_post_layout":"","_kad_post_sidebar_id":"","_kad_post_content_style":"","_kad_post_vertical_padding":"","_kad_post_feature":"","_kad_post_feature_position":"","_kad_post_header":false,"_kad_post_footer":false,"_kad_post_classname":"","footnotes":""},"class_list":["post-3","page","type-page","status-publish","hentry"],"_links":{"self":[{"href":"https:\/\/hortavalencia.org\/va\/wp-json\/wp\/v2\/pages\/3","targetHints":{"allow":["GET"]}}],"collection":[{"href":"https:\/\/hortavalencia.org\/va\/wp-json\/wp\/v2\/pages"}],"about":[{"href":"https:\/\/hortavalencia.org\/va\/wp-json\/wp\/v2\/types\/page"}],"author":[{"embeddable":true,"href":"https:\/\/hortavalencia.org\/va\/wp-json\/wp\/v2\/users\/1"}],"replies":[{"embeddable":true,"href":"https:\/\/hortavalencia.org\/va\/wp-json\/wp\/v2\/comments?post=3"}],"version-history":[{"count":4,"href":"https:\/\/hortavalencia.org\/va\/wp-json\/wp\/v2\/pages\/3\/revisions"}],"predecessor-version":[{"id":1423,"href":"https:\/\/hortavalencia.org\/va\/wp-json\/wp\/v2\/pages\/3\/revisions\/1423"}],"wp:attachment":[{"href":"https:\/\/hortavalencia.org\/va\/wp-json\/wp\/v2\/media?parent=3"}],"curies":[{"name":"wp","href":"https:\/\/api.w.org\/{rel}","templated":true}]}}