{"id":1088,"date":"2025-10-10T11:29:59","date_gmt":"2025-10-10T11:29:59","guid":{"rendered":"https:\/\/hortavalencia.org\/?page_id=1088"},"modified":"2026-01-21T08:39:02","modified_gmt":"2026-01-21T08:39:02","slug":"talleres-y-otras-actividades","status":"publish","type":"page","link":"https:\/\/hortavalencia.org\/va\/talleres-y-otras-actividades\/","title":{"rendered":"Tallers i altres activitats"},"content":{"rendered":"<style>.kb-row-layout-wrap.wp-block-kadence-rowlayout.kb-row-layout-id1088_598f52-84{margin-top:0px;margin-bottom:0px;}.kb-row-layout-id1088_598f52-84 > .kt-row-column-wrap{align-content:start;}:where(.kb-row-layout-id1088_598f52-84 > .kt-row-column-wrap) > .wp-block-kadence-column{justify-content:start;}.kb-row-layout-id1088_598f52-84 > .kt-row-column-wrap{column-gap:var(--global-kb-gap-none, 0rem );row-gap:var(--global-kb-gap-md, 2rem);max-width:var( --global-content-width, 1290px );padding-left:var(--global-content-edge-padding);padding-right:var(--global-content-edge-padding);padding-top:350px;padding-bottom:30px;grid-template-columns:minmax(0, 1fr);}.kb-row-layout-id1088_598f52-84{background-image:url('https:\/\/hortavalencia.org\/wp-content\/uploads\/2025\/10\/A-cultural-horta-valencia14.jpg');background-size:cover;background-position:52% 45%;background-attachment:scroll;background-repeat:no-repeat;}.kb-row-layout-id1088_598f52-84 > .kt-row-layout-overlay{opacity:0.85;background-color:var(--global-palette4, #2D3748);}@media all and (max-width: 1024px){.kb-row-layout-id1088_598f52-84 > .kt-row-column-wrap{padding-top:var(--global-kb-spacing-4xl, 8rem);padding-bottom:var(--global-kb-spacing-md, 2rem);grid-template-columns:minmax(0, 1fr);}}@media all and (max-width: 767px){.kb-row-layout-id1088_598f52-84 > .kt-row-column-wrap{grid-template-columns:minmax(0, 1fr);}}<\/style><div class=\"kb-row-layout-wrap kb-row-layout-id1088_598f52-84 alignfull kt-row-has-bg wp-block-kadence-rowlayout\"><div class=\"kt-row-layout-overlay kt-row-overlay-normal\"><\/div><div class=\"kt-row-column-wrap kt-has-1-columns kt-row-layout-equal kt-tab-layout-inherit kt-mobile-layout-row kt-row-valign-top kb-theme-content-width\">\n<style>.kadence-column1088_5315b7-75 > .kt-inside-inner-col,.kadence-column1088_5315b7-75 > .kt-inside-inner-col:before{border-top-left-radius:0px;border-top-right-radius:0px;border-bottom-right-radius:0px;border-bottom-left-radius:0px;}.kadence-column1088_5315b7-75 > .kt-inside-inner-col{column-gap:var(--global-kb-gap-sm, 1rem);}.kadence-column1088_5315b7-75 > .kt-inside-inner-col{flex-direction:column;}.kadence-column1088_5315b7-75 > .kt-inside-inner-col > .aligncenter{width:100%;}.kadence-column1088_5315b7-75 > .kt-inside-inner-col:before{opacity:0.3;}.kadence-column1088_5315b7-75{position:relative;}@media all and (max-width: 1024px){.kadence-column1088_5315b7-75 > .kt-inside-inner-col{flex-direction:column;justify-content:center;}}@media all and (max-width: 767px){.kadence-column1088_5315b7-75 > .kt-inside-inner-col{flex-direction:column;justify-content:center;}}<\/style>\n<div class=\"wp-block-kadence-column kadence-column1088_5315b7-75 inner-column-1\"><div class=\"kt-inside-inner-col\"><style>.wp-block-kadence-advancedheading.kt-adv-heading1088_7723c9-15, .wp-block-kadence-advancedheading.kt-adv-heading1088_7723c9-15[data-kb-block=\"kb-adv-heading1088_7723c9-15\"]{padding-top:0px;font-size:80px;line-height:1.1;font-style:normal;letter-spacing:-2px;}.wp-block-kadence-advancedheading.kt-adv-heading1088_7723c9-15 mark.kt-highlight, .wp-block-kadence-advancedheading.kt-adv-heading1088_7723c9-15[data-kb-block=\"kb-adv-heading1088_7723c9-15\"] mark.kt-highlight{font-style:normal;color:#f76a0c;-webkit-box-decoration-break:clone;box-decoration-break:clone;padding-top:0px;padding-right:0px;padding-bottom:0px;padding-left:0px;}.wp-block-kadence-advancedheading.kt-adv-heading1088_7723c9-15 img.kb-inline-image, .wp-block-kadence-advancedheading.kt-adv-heading1088_7723c9-15[data-kb-block=\"kb-adv-heading1088_7723c9-15\"] img.kb-inline-image{width:150px;vertical-align:baseline;}@media all and (max-width: 1024px){.wp-block-kadence-advancedheading.kt-adv-heading1088_7723c9-15, .wp-block-kadence-advancedheading.kt-adv-heading1088_7723c9-15[data-kb-block=\"kb-adv-heading1088_7723c9-15\"]{letter-spacing:-1px;font-size:var(--global-kb-font-size-xxl, 4rem);line-height:1.3;}}@media all and (max-width: 767px){.wp-block-kadence-advancedheading.kt-adv-heading1088_7723c9-15, .wp-block-kadence-advancedheading.kt-adv-heading1088_7723c9-15[data-kb-block=\"kb-adv-heading1088_7723c9-15\"]{font-size:45px;}}<\/style>\n<h1 class=\"kt-adv-heading1088_7723c9-15 wp-block-kadence-advancedheading has-theme-palette-9-color has-text-color\" data-kb-block=\"kb-adv-heading1088_7723c9-15\">Talleres y otras actividades<\/h1>\n\n\n\n<p class=\"has-theme-palette-9-color has-text-color has-link-color wp-elements-50aa6ea06e0bfb9584b33bc9dd7ba70c\"><\/p>\n<\/div><\/div>\n\n<\/div><\/div>\n\n<style>.kb-row-layout-id1088_591fd3-dd > .kt-row-column-wrap{align-content:start;}:where(.kb-row-layout-id1088_591fd3-dd > .kt-row-column-wrap) > .wp-block-kadence-column{justify-content:start;}.kb-row-layout-id1088_591fd3-dd > .kt-row-column-wrap{column-gap:var(--global-kb-gap-md, 2rem);row-gap:var(--global-kb-gap-md, 2rem);max-width:var( --global-content-width, 1290px );padding-left:var(--global-content-edge-padding);padding-right:var(--global-content-edge-padding);padding-top:var(--global-kb-spacing-3xl, 6.5rem);padding-bottom:var(--global-kb-spacing-3xl, 6.5rem);grid-template-columns:minmax(0, 1fr);}.kb-row-layout-id1088_591fd3-dd > .kt-row-layout-overlay{opacity:0.00;}@media all and (max-width: 1024px){.kb-row-layout-id1088_591fd3-dd > .kt-row-column-wrap{grid-template-columns:minmax(0, 1fr);}}@media all and (max-width: 767px){.kb-row-layout-id1088_591fd3-dd > .kt-row-column-wrap{padding-top:var(--global-kb-spacing-lg, 3rem);padding-bottom:0px;grid-template-columns:minmax(0, 1fr);}}<\/style><div class=\"kb-row-layout-wrap kb-row-layout-id1088_591fd3-dd alignfull has-theme-palette7-background-color kt-row-has-bg wp-block-kadence-rowlayout\"><div class=\"kt-row-column-wrap kt-has-1-columns kt-row-layout-equal kt-tab-layout-inherit kt-mobile-layout-row kt-row-valign-top kb-theme-content-width\">\n<style>.kadence-column1088_d05d0c-c6 > .kt-inside-inner-col{padding-right:var(--global-kb-spacing-4xl, 8rem);padding-left:var(--global-kb-spacing-4xl, 8rem);}.kadence-column1088_d05d0c-c6 > .kt-inside-inner-col,.kadence-column1088_d05d0c-c6 > .kt-inside-inner-col:before{border-top-left-radius:0px;border-top-right-radius:0px;border-bottom-right-radius:0px;border-bottom-left-radius:0px;}.kadence-column1088_d05d0c-c6 > .kt-inside-inner-col{column-gap:var(--global-kb-gap-sm, 1rem);}.kadence-column1088_d05d0c-c6 > .kt-inside-inner-col{flex-direction:column;}.kadence-column1088_d05d0c-c6 > .kt-inside-inner-col > .aligncenter{width:100%;}.kadence-column1088_d05d0c-c6 > .kt-inside-inner-col:before{opacity:0.3;}.kadence-column1088_d05d0c-c6{position:relative;}@media all and (max-width: 1024px){.kadence-column1088_d05d0c-c6 > .kt-inside-inner-col{flex-direction:column;justify-content:center;}}@media all and (max-width: 767px){.kadence-column1088_d05d0c-c6 > .kt-inside-inner-col{padding-right:0px;padding-left:0px;flex-direction:column;justify-content:center;}}<\/style>\n<div class=\"wp-block-kadence-column kadence-column1088_d05d0c-c6 inner-column-1\"><div class=\"kt-inside-inner-col\"><style>.kb-posts-id-1088_b75c10-2f .entry.loop-entry .entry-header .entry-title{font-size:var(--global-kb-font-size-md, 1.25rem);}.kb-posts-id-1088_b75c10-2f .kb-post-list-item{display:grid;}<\/style><ul class=\"wp-block-kadence-posts kb-posts kadence-posts-list kb-posts-id-1088_b75c10-2f content-wrap grid-cols kb-posts-style-boxed grid-sm-col-2 grid-lg-col-3 item-image-style-above\"><li class=\"kb-post-list-item\">\n\t<article class=\"entry content-bg loop-entry post-1328 post type-post status-publish format-standard has-post-thumbnail hentry category-tallers\">\n\t\t\t\t<a aria-hidden=\"true\" tabindex=\"-1\" role=\"presentation\" class=\"post-thumbnail kadence-thumbnail-ratio-2-3\" href=\"https:\/\/hortavalencia.org\/va\/taller-carabassa\/\" aria-label=\"Charla y degustaci\u00f3n \u201cDiferents maneres de cuinar la carabassa\u201d  en la Alquer\u00eda Zarzo\">\n\t\t\t<div class=\"post-thumbnail-inner\">\n\t\t\t\t<img loading=\"lazy\" decoding=\"async\" width=\"768\" height=\"960\" src=\"https:\/\/hortavalencia.org\/wp-content\/uploads\/2025\/11\/cartell-768x960.jpeg\" class=\"attachment-medium_large size-medium_large wp-post-image\" alt=\"Charla y degustaci\u00f3n \u201cDiferents maneres de cuinar la carabassa\u201d  en la Alquer\u00eda Zarzo\" srcset=\"https:\/\/hortavalencia.org\/wp-content\/uploads\/2025\/11\/cartell-768x960.jpeg 768w, https:\/\/hortavalencia.org\/wp-content\/uploads\/2025\/11\/cartell-240x300.jpeg 240w, https:\/\/hortavalencia.org\/wp-content\/uploads\/2025\/11\/cartell-819x1024.jpeg 819w, https:\/\/hortavalencia.org\/wp-content\/uploads\/2025\/11\/cartell.jpeg 1080w\" sizes=\"auto, (max-width: 768px) 100vw, 768px\" \/>\t\t\t<\/div>\n\t\t<\/a><!-- .post-thumbnail -->\n\t\t\t\t<div class=\"entry-content-wrap\">\n\t\t\t<header class=\"entry-header\">\n\t<h2 class=\"entry-title\"><a href=\"https:\/\/hortavalencia.org\/va\/taller-carabassa\/\" rel=\"bookmark\">Charla y degustaci\u00f3n \u201cDiferents maneres de cuinar la carabassa\u201d  en la Alquer\u00eda Zarzo<\/a><\/h2><\/header><!-- .entry-header -->\n\t<div class=\"entry-summary\">\n\t\t<p>Charla y degustaci\u00f3n: \u201cDiferents maneres de cuinar la carabassa\u201d La Asociaci\u00f3n Cultural L\u2019Horta os invita a participar en una deliciosa charla sobre las m\u00faltiples formas de preparar la calabaza, uno de los productos m\u00e1s emblem\u00e1ticos de nuestra huerta. Al finalizar, habr\u00e1 degustaci\u00f3n gratuita para todas las personas asistentes. Para inscribirse, se puede enviar un mensaje&#8230;<\/p>\n\t<\/div><!-- .entry-summary -->\n\t<footer class=\"entry-footer\">\n\t\t\t<div class=\"entry-actions\">\n\t\t\t<p class=\"more-link-wrap\">\n\t\t\t\t<a href=\"https:\/\/hortavalencia.org\/va\/taller-carabassa\/\" class=\"post-more-link\">\n\t\t\t\t\tRead More<span class=\"screen-reader-text\"> Charla y degustaci\u00f3n \u201cDiferents maneres de cuinar la carabassa\u201d  en la Alquer\u00eda Zarzo<\/span><span class=\"kadence-svg-iconset svg-baseline\"><svg aria-hidden=\"true\" class=\"kadence-svg-icon kadence-arrow-right-alt-svg\" fill=\"currentColor\" version=\"1.1\" xmlns=\"http:\/\/www.w3.org\/2000\/svg\" width=\"27\" height=\"28\" viewBox=\"0 0 27 28\"><title>Continue<\/title><path d=\"M27 13.953c0 0.141-0.063 0.281-0.156 0.375l-6 5.531c-0.156 0.141-0.359 0.172-0.547 0.094-0.172-0.078-0.297-0.25-0.297-0.453v-3.5h-19.5c-0.281 0-0.5-0.219-0.5-0.5v-3c0-0.281 0.219-0.5 0.5-0.5h19.5v-3.5c0-0.203 0.109-0.375 0.297-0.453s0.391-0.047 0.547 0.078l6 5.469c0.094 0.094 0.156 0.219 0.156 0.359v0z\"><\/path>\n\t\t\t<\/svg><\/span>\t\t\t\t<\/a>\n\t\t\t<\/p>\n\t\t<\/div><!-- .entry-actions -->\n\t\t<\/footer><!-- .entry-footer -->\t\t<\/div>\n\t<\/article>\n<\/li>\n<li class=\"kb-post-list-item\">\n\t<article class=\"entry content-bg loop-entry post-34 post type-post status-publish format-standard has-post-thumbnail hentry category-tallers\">\n\t\t\t\t<a aria-hidden=\"true\" tabindex=\"-1\" role=\"presentation\" class=\"post-thumbnail kadence-thumbnail-ratio-2-3\" href=\"https:\/\/hortavalencia.org\/va\/taller-dartiste-faller-a-lalqueria-zarzo\/\" aria-label=\"Taller de Artista Fallero a la Alquer\u00eda Zarzo\">\n\t\t\t<div class=\"post-thumbnail-inner\">\n\t\t\t\t<img loading=\"lazy\" decoding=\"async\" width=\"768\" height=\"957\" src=\"https:\/\/hortavalencia.org\/wp-content\/uploads\/2025\/01\/taller-768x957.jpeg\" class=\"attachment-medium_large size-medium_large wp-post-image\" alt=\"Taller de Artista Fallero a la Alquer\u00eda Zarzo\" srcset=\"https:\/\/hortavalencia.org\/wp-content\/uploads\/2025\/01\/taller-768x957.jpeg 768w, https:\/\/hortavalencia.org\/wp-content\/uploads\/2025\/01\/taller-241x300.jpeg 241w, https:\/\/hortavalencia.org\/wp-content\/uploads\/2025\/01\/taller-822x1024.jpeg 822w, https:\/\/hortavalencia.org\/wp-content\/uploads\/2025\/01\/taller.jpeg 1080w\" sizes=\"auto, (max-width: 768px) 100vw, 768px\" \/>\t\t\t<\/div>\n\t\t<\/a><!-- .post-thumbnail -->\n\t\t\t\t<div class=\"entry-content-wrap\">\n\t\t\t<header class=\"entry-header\">\n\t<h2 class=\"entry-title\"><a href=\"https:\/\/hortavalencia.org\/va\/taller-dartiste-faller-a-lalqueria-zarzo\/\" rel=\"bookmark\">Taller de Artista Fallero a la Alquer\u00eda Zarzo<\/a><\/h2><\/header><!-- .entry-header -->\n\t<div class=\"entry-summary\">\n\t\t<p>Taller de Artista Fallero a la Alquer\u00eda Zarzo La Asociaci\u00f3n Cultural L&#8217;Horta ha abierto el plazo de inscripci\u00f3n para el taller de Artista Fallero, una oportunidad \u00fanica para aprender a crear tu propio mu\u00f1eco fallero. El taller est\u00e1 pensado para todas las edades, desde 1 hasta 100 a\u00f1os. Los participantes podr\u00e1n aprender el proceso completo&#8230;<\/p>\n\t<\/div><!-- .entry-summary -->\n\t<footer class=\"entry-footer\">\n\t\t\t<div class=\"entry-actions\">\n\t\t\t<p class=\"more-link-wrap\">\n\t\t\t\t<a href=\"https:\/\/hortavalencia.org\/va\/taller-dartiste-faller-a-lalqueria-zarzo\/\" class=\"post-more-link\">\n\t\t\t\t\tRead More<span class=\"screen-reader-text\"> Taller de Artista Fallero a la Alquer\u00eda Zarzo<\/span><span class=\"kadence-svg-iconset svg-baseline\"><svg aria-hidden=\"true\" class=\"kadence-svg-icon kadence-arrow-right-alt-svg\" fill=\"currentColor\" version=\"1.1\" xmlns=\"http:\/\/www.w3.org\/2000\/svg\" width=\"27\" height=\"28\" viewBox=\"0 0 27 28\"><title>Continue<\/title><path d=\"M27 13.953c0 0.141-0.063 0.281-0.156 0.375l-6 5.531c-0.156 0.141-0.359 0.172-0.547 0.094-0.172-0.078-0.297-0.25-0.297-0.453v-3.5h-19.5c-0.281 0-0.5-0.219-0.5-0.5v-3c0-0.281 0.219-0.5 0.5-0.5h19.5v-3.5c0-0.203 0.109-0.375 0.297-0.453s0.391-0.047 0.547 0.078l6 5.469c0.094 0.094 0.156 0.219 0.156 0.359v0z\"><\/path>\n\t\t\t<\/svg><\/span>\t\t\t\t<\/a>\n\t\t\t<\/p>\n\t\t<\/div><!-- .entry-actions -->\n\t\t<\/footer><!-- .entry-footer -->\t\t<\/div>\n\t<\/article>\n<\/li>\n<\/ul><\/div><\/div>\n\n<\/div><\/div>","protected":false},"excerpt":{"rendered":"<p>Tallers i altres activitats<\/p>","protected":false},"author":1,"featured_media":0,"parent":0,"menu_order":0,"comment_status":"closed","ping_status":"closed","template":"","meta":{"_kadence_starter_templates_imported_post":true,"_kad_post_transparent":"","_kad_post_title":"hide","_kad_post_layout":"fullwidth","_kad_post_sidebar_id":"","_kad_post_content_style":"unboxed","_kad_post_vertical_padding":"hide","_kad_post_feature":"hide","_kad_post_feature_position":"","_kad_post_header":false,"_kad_post_footer":false,"_kad_post_classname":"","footnotes":""},"class_list":["post-1088","page","type-page","status-publish","hentry"],"_links":{"self":[{"href":"https:\/\/hortavalencia.org\/va\/wp-json\/wp\/v2\/pages\/1088","targetHints":{"allow":["GET"]}}],"collection":[{"href":"https:\/\/hortavalencia.org\/va\/wp-json\/wp\/v2\/pages"}],"about":[{"href":"https:\/\/hortavalencia.org\/va\/wp-json\/wp\/v2\/types\/page"}],"author":[{"embeddable":true,"href":"https:\/\/hortavalencia.org\/va\/wp-json\/wp\/v2\/users\/1"}],"replies":[{"embeddable":true,"href":"https:\/\/hortavalencia.org\/va\/wp-json\/wp\/v2\/comments?post=1088"}],"version-history":[{"count":11,"href":"https:\/\/hortavalencia.org\/va\/wp-json\/wp\/v2\/pages\/1088\/revisions"}],"predecessor-version":[{"id":1361,"href":"https:\/\/hortavalencia.org\/va\/wp-json\/wp\/v2\/pages\/1088\/revisions\/1361"}],"wp:attachment":[{"href":"https:\/\/hortavalencia.org\/va\/wp-json\/wp\/v2\/media?parent=1088"}],"curies":[{"name":"wp","href":"https:\/\/api.w.org\/{rel}","templated":true}]}}